{"id":92,"date":"2015-11-26T16:25:02","date_gmt":"2015-11-26T16:25:02","guid":{"rendered":"http:\/\/www.consellaparelladors.cat\/es\/altres-institucions\/"},"modified":"2025-09-25T10:00:18","modified_gmt":"2025-09-25T10:00:18","slug":"otras-instituciones","status":"publish","type":"page","link":"https:\/\/consellaparelladors.cat\/es\/otras-instituciones\/","title":{"rendered":"Otras instituciones"},"content":{"rendered":"<section class=\"columns\">\n<h1>Otras Instituciones Profesionales y Colegiales<\/h1>\n<article class=\"col col2\">\n<ul>\n<li><a href=\"http:\/\/www.arquitectura-tecnica.org\/ORGDIRE.htm\" target=\"_blank\" rel=\"noopener noreferrer\">Consejo General de la Arquitectura T\u00e9cnica de Espa\u00f1a y Colegios de Espa\u00f1a<\/a><\/li>\n<li><a href=\"http:\/\/www.gencat.cat\" target=\"_blank\" rel=\"noopener noreferrer\">Generalitat de Catalunya<\/a><\/li>\n<li><a href=\"http:\/\/www.itec.cat\/default.asp\" target=\"_blank\" rel=\"noopener noreferrer\">ITEC<\/a><\/li>\n<li><a href=\"http:\/\/www.gisa.es\/gisa\/servlet\/Home?company=1&#038;licitaciones=1\" target=\"_blank\" rel=\"noopener noreferrer\">GISA<\/a><\/li>\n<li><a href=\"http:\/\/www20.gencat.cat\/portal\/site\/incasol\" target=\"_blank\" rel=\"noopener noreferrer\">INCASOL<\/a><\/li>\n<li><a href=\"http:\/\/www.bcn.es\/\" target=\"_blank\" rel=\"noopener noreferrer\">Ayuntamiento de Barcelona<\/a><\/li>\n<li><a href=\"http:\/\/www.girona.cat\/web\/\" target=\"_blank\" rel=\"noopener noreferrer\">Ayuntamiento de Girona<\/a><\/li>\n<li><a href=\"http:\/\/www.paeria.es\/cat\/\" target=\"_blank\" rel=\"noopener noreferrer\">Ayuntamiento de Lleida<\/a><\/li>\n<li><a href=\"http:\/\/www.tarragona.cat\/\" target=\"_blank\" rel=\"noopener noreferrer\">Ayuntamiento de Tarragona<\/a><\/li>\n<li><a href=\"http:\/\/www.tortosa.cat\/index.asp\" target=\"_blank\" rel=\"noopener noreferrer\">Ayuntamiento de Tortosa<\/a><\/li>\n<li><a href=\"http:\/\/www.diba.es\/\" target=\"_blank\" rel=\"noopener noreferrer\">Diputaci\u00f3n de Barcelona<\/a><\/li>\n<\/ul><\/article>\n<article class=\"col col2\">\n<ul>\n<li><a href=\"http:\/\/www.ddgi.cat\/webddgi\/portada.do\" target=\"_blank\" rel=\"noopener noreferrer\">Diputaci\u00f3n de Gerona<\/a><\/li>\n<li><a href=\"http:\/\/www.diputaciolleida.es\/\" target=\"_blank\" rel=\"noopener noreferrer\">Diputaci\u00f3n de L\u00e9rida<\/a><\/li>\n<li><a href=\"http:\/\/www.diputaciodetarragona.cat\/\" target=\"_blank\" rel=\"noopener noreferrer\">Diputaci\u00f3n de Tarragona<\/a><\/li>\n<li><a href=\"http:\/\/www.tinet.cat\/portal\/sheet-show.do?id=41845\" target=\"_blank\" rel=\"noopener noreferrer\">Diputaci\u00f3n de las Tierras del Ebro<\/a><\/li>\n<li><a href=\"http:\/\/www.fad.es\/Home\" target=\"_blank\" rel=\"noopener noreferrer\">FAD<\/a><\/li>\n<li><a href=\"http:\/\/www.acc10.cat\/ACC1O\/cat\/error\/nouweb.jsp\" target=\"_blank\" rel=\"noopener noreferrer\">CIDEM<\/a><\/li>\n<li><a href=\"http:\/\/www.fmcnet.org\/\" target=\"_blank\" rel=\"noopener noreferrer\">Federaci\u00f3n de municipios de Catalu\u00f1a<\/a><\/li>\n<li><a href=\"http:\/\/www.fira.es\/\" target=\"_blank\" rel=\"noopener noreferrer\">Feria de Barcelona<\/a><\/li>\n<li><a href=\"http:\/\/www.construmat.com\" target=\"_blank\" rel=\"noopener noreferrer\">CONSTRUMAT<\/a><\/li>\n<li><a href=\"http:\/\/www.preventia.org\/\" target=\"_blank\" rel=\"noopener noreferrer\">PREVENTIA<\/a><\/li>\n<li><a href=\"http:\/\/www.ccoc.es\/ca\/indexca.html\" target=\"_blank\" rel=\"noopener noreferrer\">C\u00e1mara de Contratistas de Obras<\/a><\/li>\n<\/ul><\/article>\n<!--\n&#091;one_half&#093;\n<a class=\"btn orange\" href=\"https:\/\/consellaparelladors.cat\/wp-content\/uploads\/2024\/08\/Consell-Directori-Empreses-baja.pdf\" target=\"_blank\" rel=\"noopener noreferrer\" download=\"\" data-wplink-edit=\"true\"><i class=\"fa fa-download\"><\/i>Directorio de empresas colaboradoras<\/a>\n&#091;\/one_half&#093;\n--><\/p>\n<style>\narticle.col3 {\nfont-size:13px;\n}\n .main .page img {\n\tmargin-bottom: 50px;\n}\n<\/style>\n<h2 class=\"underline\"><span>Empresas colaboradoras<\/span><\/h2>\n<section class=\"columns\">\n<article class=\"col col3\">\n<a title=\"https:\/\/www.mapei.com\/ES-ES\/\" href=\"https:\/\/www.mapei.com\/ES-ES\/\" target=\"_blank\" rel=\"noopener noreferrer\"><img loading=\"lazy\" decoding=\"async\" class=\"alignleft wp-image-676 size-full\" src=\"https:\/\/consellaparelladors.cat\/wp-content\/uploads\/2018\/03\/Mapei_positivo_sinleyenda280317.jpg\" alt=\"\" width=\"100\" height=\"100\" srcset=\"https:\/\/consellaparelladors.cat\/wp-content\/uploads\/2018\/03\/Mapei_positivo_sinleyenda280317.jpg 100w, https:\/\/consellaparelladors.cat\/wp-content\/uploads\/2018\/03\/Mapei_positivo_sinleyenda280317-66x66.jpg 66w, https:\/\/consellaparelladors.cat\/wp-content\/uploads\/2018\/03\/Mapei_positivo_sinleyenda280317-90x90.jpg 90w, https:\/\/consellaparelladors.cat\/wp-content\/uploads\/2018\/03\/Mapei_positivo_sinleyenda280317-50x50.jpg 50w\" sizes=\"auto, (max-width: 100px) 100vw, 100px\" \/><\/a><strong>MAPEI SPAIN SAU<\/strong><br \/>\n<a href=\"tel:609876541\">609 876 541<\/a><br \/>\n<a href=\"mailto:joanlleal@mapei.es\">joanlleal@mapei.es<\/a><br \/><\/article>\n<article class=\"col col3\">\n<a title=\"https:\/\/www.abac-consultors.com\/\" href=\"https:\/\/www.abac-consultors.com\/\" target=\"_blank\" rel=\"noopener noreferrer\"><img loading=\"lazy\" decoding=\"async\" class=\"alignleft wp-image-837 size-full\" src=\"https:\/\/consellaparelladors.cat\/wp-content\/uploads\/2021\/03\/Logo-ABAC100.jpg\" alt=\"\" width=\"98\" height=\"98\"><\/a><strong>\u00c0BAC Consultors del Vall\u00e8s<\/strong><br \/>\nDistribuidor y formador Certificado de Presto<br \/>\nPins, 2 local 3 08530 LA GARRIGA<br \/>\n<a href=\"mailto:abac@abac-consultors.com\">abac@abac-consultors.com<\/a><br \/>\n<a href=\"tel:938716735\">938 716 735<\/a><br \/><\/article>\n<article class=\"col col3\">\n<a title=\"https:\/\/www.cecam.com\/\" href=\"https:\/\/www.cecam.com\/\" target=\"_blank\" rel=\"noopener noreferrer\"><img loading=\"lazy\" decoding=\"async\" class=\"alignleft wp-image-837 size-full\" src=\"https:\/\/consellaparelladors.cat\/wp-content\/uploads\/2021\/05\/cecam_batch.jpg\" alt=\"\" width=\"98\" height=\"98\"><\/a><strong>CECAM-Centre d&#8217;Estudis de la Construcci\u00f3 i An\u00e0lisi de Materials, S.L.U <\/strong><br \/>\nPol\u00edgono industrial c\/ Pirineus 80<br \/>\n17460 CELR\u00c0 (GIRONA)<br \/>\nTl. <a href=\"tel:972492014\">972 492 014<\/a><br \/>\n<a href=\"mailto:cecam@cecam.com\">cecam@cecam.com<\/a><br \/><\/article>\n<article class=\"col col3\">\n<a title=\"https:\/\/www.ibertrac.com\" href=\"https:\/\/www.ibertrac.com\" target=\"_blank\" rel=\"noopener noreferrer\"><img loading=\"lazy\" decoding=\"async\" class=\"alignleft wp-image-612 size-full\" src=\"https:\/\/consellaparelladors.cat\/wp-content\/uploads\/2022\/05\/ibertrac_batch.jpg\" width=\"100\" height=\"100\"><\/a><strong>Ibertrac<\/strong><br \/>\nc\/ Loreto 13-15 lletra D<br \/>\n08029 BARCELONA<br \/>\nTel. <a href=\"tel:934393104\">934 393 104<\/a><br \/>\n<a href=\"mailto:info@ibertrac.com\">info@ibertrac.com<\/a><br \/><\/article>\n<article class=\"col col3\">\n<a title=\"https:\/\/www.geosec.es\/\" href=\"https:\/\/www.geosec.es\/\" target=\"_blank\" rel=\"noopener noreferrer\"><img loading=\"lazy\" decoding=\"async\" class=\"alignleft wp-image-612 size-full\" src=\"https:\/\/consellaparelladors.cat\/wp-content\/uploads\/2024\/02\/geosec_batch.jpg\" width=\"100\" height=\"100\"><\/a><strong>Geosec Espa\u00f1a S.L.,<\/strong><br \/>\n<a href=\"mailto:info@geosec.es\">info@geosec.es<\/a><br \/>\n<a href=\"tel:900800745\">900800745<\/a><br \/><\/article>\n<article class=\"col col3\">\n<a title=\"https:\/\/www.aspcorredoria.cat\" href=\"https:\/\/www.aspcorredoria.cat\" target=\"_blank\" rel=\"noopener noreferrer\"><img loading=\"lazy\" decoding=\"async\" class=\"alignleft wp-image-612 size-full\" src=\"https:\/\/consellaparelladors.cat\/wp-content\/uploads\/2024\/02\/correduria_batch.jpg\" width=\"100\" height=\"100\"><\/a><strong>ASP CORREDURIA DE SEGUROS<\/strong><br \/>\n<a href=\"mailto:informacio@aspcorredoria.cat\">informacio@aspcorredoria.cat<\/a><br \/>\nTel. <a href=\"tel:935511616\">93 551 16 16<\/a><br \/><\/article>\n<article class=\"col col3\">\n<a title=\"https:\/\/www.holcim.es\" href=\"https:\/\/www.holcim.es\" target=\"_blank\" rel=\"noopener noreferrer\"><img loading=\"lazy\" decoding=\"async\" class=\"alignleft wp-image-612 size-full\" src=\"https:\/\/consellaparelladors.cat\/wp-content\/uploads\/2024\/02\/holcim_batch.jpg\" width=\"100\" height=\"100\"><\/a><strong>HOLCIM ESPA\u00d1A, S.A.U.<\/strong><br \/>\n<a href=\"mailto:marketing.spain@holcim.com\">marketing.spain@holcim.com<\/a><br \/>\nTel. <a href=\"tel:34912133100\">+34 912 133 100<\/a><br \/><\/article>\n<article class=\"col col3\">\n<a title=\"https:\/\/www.schluter.es\/\" href=\"https:\/\/www.schluter.es\/\" target=\"_blank\" rel=\"noopener noreferrer\"><img loading=\"lazy\" decoding=\"async\" class=\"alignleft wp-image-612 size-full\" src=\"https:\/\/consellaparelladors.cat\/wp-content\/uploads\/2024\/02\/schluter_batch.jpg\" width=\"100\" height=\"100\"><\/a><strong>SCHL\u00fcTER SYSTEMS, S.L.<\/strong><br \/>\nCtra. CV-20 Villarreal &#8211; Onda, km. 6,2<br \/>\n12200 Onda (Castell\u00f3n)<br \/>\n<a href=\"mailto:maria_casado@schluter.es\">maria_casado@schluter.es<\/a><br \/>\nTel. <a href=\"tel:34964241144\">+34 964 241 144 <\/a><br \/><\/article>\n<article class=\"col col3\">\n<a title=\"https:\/\/www.frapont.es\/\" href=\"http:\/\/www.frapont.es\/\" target=\"_blank\" rel=\"noopener noreferrer\"><img loading=\"lazy\" decoding=\"async\" class=\"alignleft wp-image-612 size-full\" src=\"https:\/\/consellaparelladors.cat\/wp-content\/uploads\/2024\/02\/frapont_batch.jpg\" width=\"100\" height=\"100\"><\/a><strong>FRAPONT<\/strong><br \/>\n<a href=\"mailto:marketing@frapont.com\">marketing@frapont.com<\/a><br \/>\nTel. <a href=\"tel:3493274545\">+34 932 745 45<\/a><br \/><\/article>\n<article class=\"col col3\">\n<a title=\"https:\/\/www.soprema.es\" href=\"https:\/\/www.soprema.es\" target=\"_blank\" rel=\"noopener noreferrer\"><img loading=\"lazy\" decoding=\"async\" class=\"alignleft wp-image-612 size-full\" src=\"https:\/\/consellaparelladors.cat\/wp-content\/uploads\/2024\/06\/soprema_batch.jpg\" width=\"100\" height=\"100\"><\/a><strong>SOPREMA IBERIA S.L.U<\/strong><br \/>\n<a href=\"mailto:info@soprema.es\">info@soprema.es<\/a><br \/>\nTel. <a href=\"tel:638761259\">638 761 259<\/a><br \/><\/article>\n<article class=\"col col3\">\n<a title=\"https:\/\/www.laterlite.es\/\" href=\"https:\/\/www.laterlite.es\/\" target=\"_blank\" rel=\"noopener noreferrer\"><img loading=\"lazy\" decoding=\"async\" class=\"alignleft wp-image-612 size-full\" src=\"https:\/\/consellaparelladors.cat\/wp-content\/uploads\/2025\/06\/laterlite_batch.jpg\" width=\"100\" height=\"100\"><\/a><strong>LATERLITE SpA<\/strong><br \/>\nV\u00eda Vittorio Veneto, 30, 43045 Rubbiano di Fornovo (Parma), ITALIA<br \/>\nJosep Ballesta (Comercial)<br \/>\nTel. 610 272 502 (Josep Ballesta)<br \/>\n<a href=\"mailto:info@laterlite.es\">info@laterlite.es<\/a><br \/><\/article>\n<article class=\"col col3\">\n<a title=\"https:\/\/www.coneix.com\/\" href=\"https:\/\/www.coneix.com\/\" target=\"_blank\" rel=\"noopener noreferrer\"><img loading=\"lazy\" decoding=\"async\" class=\"alignleft wp-image-612 size-full\" src=\"https:\/\/consellaparelladors.cat\/wp-content\/uploads\/2025\/09\/coneix_batch.jpg\" width=\"100\" height=\"100\"><\/a><strong>Coneix<\/strong><br \/>\nChlo\u00e9 S\u00e1nchez<br \/>\n(Especialista en Marketing Digital)<br \/>\nTel. 935 898 580 ext.108<br \/>\n<a href=\"mailto:chloe.sanchez@coneix.com\">chloe.sanchez@coneix.com<\/a><br \/><\/article>\n<\/section><\/section>\n","protected":false},"excerpt":{"rendered":"<p>Otras Instituciones Profesionales y Colegiales<\/p>\n","protected":false},"author":1,"featured_media":0,"parent":0,"menu_order":70,"comment_status":"closed","ping_status":"closed","template":"","meta":{"_monsterinsights_skip_tracking":false,"_monsterinsights_sitenote_active":false,"_monsterinsights_sitenote_note":"","_monsterinsights_sitenote_category":0,"_uf_show_specific_survey":0,"_uf_disable_surveys":false,"footnotes":""},"class_list":["post-92","page","type-page","status-publish","hentry"],"aioseo_notices":[],"_links":{"self":[{"href":"https:\/\/consellaparelladors.cat\/es\/wp-json\/wp\/v2\/pages\/92","targetHints":{"allow":["GET"]}}],"collection":[{"href":"https:\/\/consellaparelladors.cat\/es\/wp-json\/wp\/v2\/pages"}],"about":[{"href":"https:\/\/consellaparelladors.cat\/es\/wp-json\/wp\/v2\/types\/page"}],"author":[{"embeddable":true,"href":"https:\/\/consellaparelladors.cat\/es\/wp-json\/wp\/v2\/users\/1"}],"replies":[{"embeddable":true,"href":"https:\/\/consellaparelladors.cat\/es\/wp-json\/wp\/v2\/comments?post=92"}],"version-history":[{"count":70,"href":"https:\/\/consellaparelladors.cat\/es\/wp-json\/wp\/v2\/pages\/92\/revisions"}],"predecessor-version":[{"id":1734,"href":"https:\/\/consellaparelladors.cat\/es\/wp-json\/wp\/v2\/pages\/92\/revisions\/1734"}],"wp:attachment":[{"href":"https:\/\/consellaparelladors.cat\/es\/wp-json\/wp\/v2\/media?parent=92"}],"curies":[{"name":"wp","href":"https:\/\/api.w.org\/{rel}","templated":true}]}}