{"id":84,"date":"2015-11-26T15:46:25","date_gmt":"2015-11-26T15:46:25","guid":{"rendered":"http:\/\/www.consellaparelladors.cat\/es\/junta-de-govern\/"},"modified":"2015-12-01T15:56:30","modified_gmt":"2015-12-01T15:56:30","slug":"junta-de-gobierno","status":"publish","type":"page","link":"https:\/\/consellaparelladors.cat\/es\/junta-de-gobierno\/","title":{"rendered":"Junta de gobierno"},"content":{"rendered":"<p><img loading=\"lazy\" decoding=\"async\" class=\"alignleft wp-image-25 size-full\" src=\"https:\/\/consellaparelladors.cat\/wp-content\/uploads\/2015\/11\/novajg2015.jpg\" alt=\"\" width=\"400\" height=\"300\" srcset=\"https:\/\/consellaparelladors.cat\/wp-content\/uploads\/2015\/11\/novajg2015.jpg 400w, https:\/\/consellaparelladors.cat\/wp-content\/uploads\/2015\/11\/novajg2015-300x225.jpg 300w\" sizes=\"auto, (max-width: 400px) 100vw, 400px\" \/><br \/>\n<strong>Miembros de la Junta de Gobierno del Consejo:<\/strong><\/p>\n<p><strong>Jordi Gosalves i L\u00f3pez <\/strong><br \/>\nPresidente<br \/>\n<strong>Joaquim Romans i Rami\u00f3<\/strong><br \/>\nSecretario<br \/>\n<strong>M. Teresa Arnal Vidal <\/strong><br \/>\nTesorera<br \/>\n<strong>Francesc Barber\u00e0 i L\u00f3pez i Adolf Quetcuti Carceller <\/strong><br \/>\nVicepresidentes<\/p>\n","protected":false},"excerpt":{"rendered":"<p>Miembros de la Junta de Gobierno del Consejo: Jordi Gosalves i L\u00f3pez Presidente Joaquim Romans i Rami\u00f3 Secretario M. Teresa Arnal Vidal Tesorera Francesc Barber\u00e0 i L\u00f3pez i Adolf Quetcuti Carceller Vicepresidentes<\/p>\n","protected":false},"author":1,"featured_media":0,"parent":0,"menu_order":30,"comment_status":"closed","ping_status":"closed","template":"","meta":{"_monsterinsights_skip_tracking":false,"_monsterinsights_sitenote_active":false,"_monsterinsights_sitenote_note":"","_monsterinsights_sitenote_category":0,"_uf_show_specific_survey":0,"_uf_disable_surveys":false,"footnotes":""},"class_list":["post-84","page","type-page","status-publish","hentry"],"aioseo_notices":[],"_links":{"self":[{"href":"https:\/\/consellaparelladors.cat\/es\/wp-json\/wp\/v2\/pages\/84","targetHints":{"allow":["GET"]}}],"collection":[{"href":"https:\/\/consellaparelladors.cat\/es\/wp-json\/wp\/v2\/pages"}],"about":[{"href":"https:\/\/consellaparelladors.cat\/es\/wp-json\/wp\/v2\/types\/page"}],"author":[{"embeddable":true,"href":"https:\/\/consellaparelladors.cat\/es\/wp-json\/wp\/v2\/users\/1"}],"replies":[{"embeddable":true,"href":"https:\/\/consellaparelladors.cat\/es\/wp-json\/wp\/v2\/comments?post=84"}],"version-history":[{"count":3,"href":"https:\/\/consellaparelladors.cat\/es\/wp-json\/wp\/v2\/pages\/84\/revisions"}],"predecessor-version":[{"id":198,"href":"https:\/\/consellaparelladors.cat\/es\/wp-json\/wp\/v2\/pages\/84\/revisions\/198"}],"wp:attachment":[{"href":"https:\/\/consellaparelladors.cat\/es\/wp-json\/wp\/v2\/media?parent=84"}],"curies":[{"name":"wp","href":"https:\/\/api.w.org\/{rel}","templated":true}]}}