{"id":81,"date":"2015-11-26T15:36:28","date_gmt":"2015-11-26T15:36:28","guid":{"rendered":"http:\/\/www.consellaparelladors.cat\/es\/inici\/"},"modified":"2026-01-14T09:27:22","modified_gmt":"2026-01-14T09:27:22","slug":"inici","status":"publish","type":"page","link":"https:\/\/consellaparelladors.cat\/es\/","title":{"rendered":"Inicio"},"content":{"rendered":"\n<section class=\"columns\"><br><article class=\"col col1\">\n\n\n\n<h3 class=\"wp-block-heading\">El Consejo de la arquitectura t\u00e9cnica de Catalu\u00f1a es una corporaci\u00f3n de derecho p\u00fablico, que est\u00e1 integrada por los Colegios de la arquitectura t\u00e9cnica del \u00e1mbito territorial catal\u00e1n<\/h3><\/article>\n\n\n\n<p class=\"has-text-align-left\"><article class=\"col col1\">\n\n\n\n<h2 class=\"wp-block-heading\">NOT\u00cdCIAS<\/h2>\n\n\n\n<p><strong>No dejes que la revoluci\u00f3n digital te pase por encima!<\/strong><\/p>\n\n\n\n<p>Formaci\u00f3n subvencionada en competencias digitales. Plazas muy limitadas!<\/p>\n\n\n\n<p>En el marco del programa Next Generation, la UE subvenciona una formaci\u00f3n en competencias digitales orientada a diferentes profesiones, entre ellas la Arquitectura T\u00e9cnica.&nbsp;<br>Caracter\u00edsticas del curso:<\/p>\n\n\n\n<ul class=\"wp-block-list\">\n<li>150h de formaci\u00f3n (20h presenciales i 130h online).<\/li>\n\n\n\n<li>Subvencionado por la UE, con la gesti\u00f3n i el esfuerzo de los colegios profesionales.<\/li>\n\n\n\n<li>Obligatoriedad de asistir a un m\u00ednimo  del 75% del curso.<\/li>\n\n\n\n<li>Contenido con una parte generalista (25%) y el resto adaptado a nuestra profesi\u00f3n (75%).<\/li>\n\n\n\n<li>Inicio: octubre 2025.<\/li>\n\n\n\n<li>Finalizaci\u00f3n: antes del 15 de junio de 2026.<\/li>\n<\/ul>\n\n\n\n<p><a style=\"text-decoration:underline\" href=\"https:\/\/consellaparelladors.cat\/es\/formacion-subvencionada-en-competencias-digitales\/\">Rellena este formulario\u00a0antes del 28 de febrero y reserva tu plaza.<\/a><\/p>\n\n\n\n<p>Este programa est\u00e1 financiado por los fondos NextGenerationEU, en el marco del programa de formaci\u00f3n de Competencias Digitales subvencionado por Red.es a Uni\u00f3n Profesional.<\/p><\/article>\n\n\n<article class=\"col col5\">\n<p class=\"img\"><a href=\"http:\/\/www.apabcn.cat\" target=\"_blank\" rel=\"noopener noreferrer\"><img loading=\"lazy\" decoding=\"async\" class=\"alignleft size-full wp-image-173\" src=\"https:\/\/consellaparelladors.cat\/wp-content\/uploads\/2023\/12\/img-bcn-es.jpg\" alt=\"img-bcn\" width=\"154\" height=\"238\"><\/a><\/p>\n<h4><a href=\"http:\/\/www.apabcn.cat\" target=\"_blank\" rel=\"noopener noreferrer\">Colegio de la Arquitectura T\u00e9cnica de Barcelona<\/a><\/h4>\n<p>BARCELONA<br \/>\nBon Pastor, 5<br \/>\n<a href=\"http:\/\/www.apabcn.cat\" target=\"_blank\" rel=\"noopener noreferrer\">www.apabcn.cat<\/a><\/p><\/article>\n\n\n<article class=\"col col5\">\n<p class=\"img\"><a href=\"http:\/\/www.aparellador.cat\" target=\"_blank\" rel=\"noopener noreferrer\"><img loading=\"lazy\" decoding=\"async\" class=\"alignleft size-full wp-image-174\" src=\"https:\/\/consellaparelladors.cat\/wp-content\/uploads\/2025\/03\/logo-girona-1.png\" alt=\"img-girona\" width=\"153\" height=\"238\"><\/a><\/p>\n<h4><a href=\"http:\/\/www.aparellador.cat\" target=\"_blank\" rel=\"noopener noreferrer\">Colegio de la Arquitectura T\u00e9cnica de Girona<\/a><\/h4>\n<p>GIRONA<br \/>\nSanta Eug\u00e8nia, 19<br \/>\n<a href=\"http:\/\/www.aparellador.cat\" target=\"_blank\" rel=\"noopener noreferrer\">www.aparellador.cat<\/a><\/p><\/article>\n\n\n<article class=\"col col5\">\n<p class=\"img\"><a href=\"https:\/\/www.caatlleida.cat\" target=\"_blank\" rel=\"noopener noreferrer\"><img loading=\"lazy\" decoding=\"async\" class=\"alignnone wp-image-546 size-full\" src=\"https:\/\/consellaparelladors.cat\/wp-content\/uploads\/2025\/03\/logo-lleida.png\" width=\"154\" height=\"230\"><\/a><\/p>\n<h4><a href=\"https:\/\/www.caatlleida.cat\" target=\"_blank\" rel=\"noopener noreferrer\">Colegio de la Arquitectura T\u00e9cnica de Lleida<\/a><\/h4>\n<p>LLEIDA<br \/>\nPlaza St. Joan 18, 5\u00ba-A<br \/>\n<a href=\"http:\/\/www.caatlleida.cat\" target=\"_blank\" rel=\"noopener noreferrer\">www.caatlleida.cat<\/a><\/p><\/article>\n\n\n<article class=\"col col5\">\n<p class=\"img\"><a href=\"https:\/\/coattgn.cat\" target=\"_blank\" rel=\"noopener noreferrer\"><img loading=\"lazy\" decoding=\"async\" class=\"alignleft size-full wp-image-176\" src=\"https:\/\/consellaparelladors.cat\/wp-content\/uploads\/2025\/07\/logo-tarragona.png\" alt=\"img-tarragona\" width=\"153\" height=\"238\"><\/a><\/p>\n<h4><a href=\"https:\/\/coattgn.cat\" target=\"_blank\" rel=\"noopener noreferrer\">Colegio Oficial de la Arquitectura T\u00e9cnica de  Tarragona<\/a><\/h4>\n<p>TARRAGONA<br \/>\nRambla del President<br \/>\nFrancesc Maci\u00e0, 6<br \/>\n<a href=\"https:\/\/coattgn.cat\" target=\"_blank\" rel=\"noopener noreferrer\">www.apatgn.org<\/a><\/p><\/article>\n\n\n<article class=\"col col5\">\n<p class=\"img\"><a href=\"http:\/\/www.catebre.cat\" target=\"_blank\" rel=\"noopener noreferrer\"><img loading=\"lazy\" decoding=\"async\" class=\"alignleft size-full wp-image-177\" src=\"https:\/\/consellaparelladors.cat\/wp-content\/uploads\/2025\/03\/logo-ebre-1.png\" alt=\"img-ebre\" width=\"153\" height=\"238\"><\/a><\/p>\n<h4><a href=\"http:\/\/www.catebre.cat\" target=\"_blank\" rel=\"noopener noreferrer\">Colegio de la Arquitectura T\u00e9cnica de les Terres de l\u2019Ebre<\/a><\/h4>\n<p>TERRES DE L&#8217;EBRE<br \/>\nRonda dels Docs, 6 \u00b7 Tortosa<br \/>\n<a href=\"http:\/\/www.catebre.cat\" target=\"_blank\" rel=\"noopener noreferrer\">www.catebre.cat<\/a><br \/><\/article>\n\n\n<article class=\"col col2\">\n<h3><img decoding=\"async\" src=\"https:\/\/consellaparelladors.cat\/wp-content\/themes\/multipurpose\/images\/ventanaUnica.png\" alt=\"Ventanilla \u00danica\"> Ventanilla \u00danica de la profesi\u00f3n<\/h3>\n<p>Dentro del objetivo de simplificaci\u00f3n administrativa perseguido por la Directiva 2006\/123\/CE del Parlamento Europeo y del Consejo de 12 de diciembre de 2006 relativa a los servicios en el mercado interior (Directiva de Servicios), destaca el establecimiento de un sistema de ventanilla \u00fanica que permita a los prestadores de servicios, a trav\u00e9s de un \u00fanico punto electr\u00f3nico y a distancia, recabar informaci\u00f3n sobre los requisitos exigidos para el ejercicio de su actividad, as\u00ed como poder realizar todos los precisos para acceder a las actividades de servicios y a su ejercicio.<\/p>\n<p class=\"more\"><a href=\"https:\/\/www.vu-at.es\/vu\/src\/main\/webapp\/paginas\/informacion\/InformacionGeneral.aspx\" target=\"_blank\" rel=\"noopener noreferrer\">Ir<\/a><\/p><\/article>\n\n\n<article class=\"col col2\">\n<h3><img decoding=\"async\" src=\"https:\/\/consellaparelladors.cat\/wp-content\/themes\/multipurpose\/images\/documents.png\" alt=\"Documentos\"> Documentos<\/h3>\n<p>Acceder a los documentos del Consejo, memorias, estatutos&nbsp;y&nbsp;documentaci\u00f3n t\u00e9cnica.<\/p>\n<p class=\"more\"><a href=\"https:\/\/consellaparelladors.cat\/es\/accion-corporativa\/\">Ir<\/a><\/p><\/article>\n\n\n<article class=\"col col1\">\n<h2 class=\"underline\"><span><a href=\"https:\/\/consellaparelladors.cat\/es\/otras-instituciones\/\">Empresas colaboradoras<\/a><\/span><\/h2>\n<style id=\"sp_logo_carousel_dynamic_css1294\">.layout-table #sp-logo-carousel-pro1294 .table-logo-area img,div.sp-logo-carousel-pro-section div#sp-logo-carousel-pro1294 .sp-lcp-item img{opacity: 1 !important;}.layout-table #sp-logo-carousel-pro1294 .table-logo-area img,div.sp-logo-carousel-pro-section div#sp-logo-carousel-pro1294 .sp-lcp-item img{padding: 0px;}div.sp-logo-carousel-pro-section div#sp-logo-carousel-pro1294 .sp-lcp-item:hover img{opacity: 1 !important;}div#sp-logo-carousel-pro1294.sp-logo-carousel-pro-area .sp-lcp-item .sp-lcp-item-border,div#sp-logo-carousel-pro1294.sp-logo-carousel-pro-area .sp-lcp-item.sp-lcp-item-border{padding: 0px;background: transparent;}div#sp-logo-carousel-pro1294.sp-logo-carousel-pro-area .sp-lcp-item:hover .sp-lcp-item-border,div#sp-logo-carousel-pro1294.sp-logo-carousel-pro-area .sp-lcp-item:hover.sp-lcp-item-border{background: transparent;}div.sp-logo-carousel-pro-section div#sp-logo-carousel-pro1294 .swiper-wrapper .swiper-slide {align-self: center;}div.sp-logo-carousel-pro-section:not(.layout-inline):not(.layout-table) div#sp-logo-carousel-pro1294 .sp-isotope-logo-items,div.sp-logo-carousel-pro-section:not(.layout-inline):not(.layout-list) div#sp-logo-carousel-pro1294 .sp-isotope-logo-items {align-items: center;}div.sp-logo-carousel-pro-section div#sp-logo-carousel-pro1294 [class*=\"lcp-col\"]{margin: 0;box-shadow: none;}.sp-logo-carousel-pro-section #sp-logo-carousel-pro1294 .sp-lcpro-readmore-area{text-align: center;}.sp-logo-carousel-pro-section #sp-logo-carousel-pro1294 .sp-lcpro-readmore-area .sp-lcpro-readmore-text-link,.sp-logo-carousel-pro-section #sp-logo-carousel-pro1294 .sp-lcpro-readmore-area .sp-lcpro-readmore{background: transparent;color: #05b3c6;padding: 5px 13px;margin-bottom: 18px;display: inline-block;border-radius: 2px;border: 2px solid #05b3c6 !important;font-size: 14px;line-height:20px;letter-spacing: 0px;text-transform: none;}.sp-logo-carousel-pro-section #sp-logo-carousel-pro1294 .sp-lcpro-readmore-area .sp-lcpro-readmore:hover{background: #05b3c6;color: #ffffff;border: 2px solid #05b3c6 !important;}.sp-logo-carousel-pro-section #sp-logo-carousel-pro1294 .sp-lcpro-readmore-area .sp-lcpro-readmore-text-link {color: #555555;border: 0 !important;padding: 0;text-decoration: underline;}.sp-logo-carousel-pro-section #sp-logo-carousel-pro1294 .sp-lcpro-readmore-area .sp-lcpro-readmore-text-link:hover {color: #05b3c6;background: unset;border: 0 !important;}.layout-inline #sp-logo-carousel-pro1294.lcp-container{padding-right: 1px;}.lcp-table-layout-header,div#sp-logo-carousel-pro1294.sp-logo-carousel-pro-area .sp-lcp-item .sp-lcp-item-border,div#sp-logo-carousel-pro1294.sp-logo-carousel-pro-area .sp-lcp-item.sp-lcp-item-border{border: 1px solid #dddddd;}.layout-inline #sp-logo-carousel-pro1294.sp-logo-carousel-pro-area .sp-lcp-item .sp-lcp-item-border,.layout-inline #sp-logo-carousel-pro1294.sp-logo-carousel-pro-area .sp-lcp-item.sp-lcp-item-border{margin: 0 -1px -1px 0;}div#sp-logo-carousel-pro1294.sp-logo-carousel-pro-area .sp-lcp-item:hover .sp-lcp-item-border,div#sp-logo-carousel-pro1294.sp-logo-carousel-pro-area .sp-lcp-item:hover.sp-lcp-item-border{border-color: #16a08b;}div#sp-logo-carousel-pro1294.sp-logo-carousel-pro-area .sp-lcp-item .sp-lcp-item-border,div#sp-logo-carousel-pro1294.sp-logo-carousel-pro-area .sp-lcp-item.sp-lcp-item-border{border-radius: 0px;z-index: 1;overflow: hidden;}div#sp-logo-carousel-pro1294.sp-logo-carousel-pro-area .sp-lcp-prev-button,div#sp-logo-carousel-pro1294.sp-logo-carousel-pro-area .sp-lcp-next-button {border-radius: 0px;font-size: 20px;width: 30px;height: 30px;}div#sp-logo-carousel-pro1294.sp-logo-carousel-pro-area{overflow: hidden;}div#sp-logo-carousel-pro1294.sp-logo-carousel-pro-area .sp-lcp-prev-button,div#sp-logo-carousel-pro1294.sp-logo-carousel-pro-area .sp-lcp-next-button{background-color: transparent;color: #aaaaaa;border: 1px solid #aaaaaa;line-height: 28px;z-index:10;}div#sp-logo-carousel-pro1294.sp-logo-carousel-pro-area .sp-lcp-prev-button:hover,div#sp-logo-carousel-pro1294.sp-logo-carousel-pro-area .sp-lcp-next-button:hover{background-color: #16a08b;border-color: #16a08b;color: #ffffff;}div.sp-logo-section-id-1294.nav_position_bottom_right,div.sp-logo-section-id-1294.nav_position_bottom_left,div.sp-logo-section-id-1294.nav_position_bottom_center{margin-bottom: 20px;overflow: hidden;}div.sp-logo-section-id-1294.nav_position_top_left:not(.lcp_vertical) .sp-logo-carousel-pro-area,div.sp-logo-section-id-1294.nav_position_top_right:not(.lcp_vertical) .sp-logo-carousel-pro-area,div.sp-logo-section-id-1294.nav_position_top_center:not(.lcp_vertical) .sp-logo-carousel-pro-area {margin-top: 40px;overflow: hidden;}div.sp-logo-section-id-1294.nav_position_bottom_left:not(.lcp_vertical) .sp-logo-carousel-pro-area,div.sp-logo-section-id-1294.nav_position_bottom_right:not(.lcp_vertical) .sp-logo-carousel-pro-area,div.sp-logo-section-id-1294.nav_position_bottom_center:not(.lcp_vertical) .sp-logo-carousel-pro-area{padding-bottom: 45px;}@media screen and (max-width: 480px) {div#sp-logo-carousel-pro1294.sp-logo-carousel-pro-area .sp-lcp-prev-button,div#sp-logo-carousel-pro1294.sp-logo-carousel-pro-area .sp-lcp-next-button {display: none;}div#sp-logo-carousel-pro1294.sp-logo-carousel-pro-area:not(.swiper-vertical ) {margin: 0;}}.tooltipster-sidetip.sp-logo-carousel-pro1294style .tooltipster-box{background: #000000;border: 1px solid #000000;border-radius: 2px;}.tooltipster-sidetip.sp-logo-carousel-pro1294style .tooltipster-box .tooltipster-content {padding: 6px 14px 6px 14px;}.tooltipster-sidetip.sp-logo-carousel-pro1294style.tooltipster-bottom .tooltipster-arrow-background,.tooltipster-sidetip.sp-logo-carousel-pro1294style.tooltipster-bottom .tooltipster-arrow-border {border-bottom-color: #000000;}.tooltipster-sidetip.sp-logo-carousel-pro1294style.tooltipster-left .tooltipster-arrow-background,.tooltipster-sidetip.sp-logo-carousel-pro1294style.tooltipster-left .tooltipster-arrow-border {border-left-color: #000000;}.tooltipster-sidetip.sp-logo-carousel-pro1294style.tooltipster-right .tooltipster-arrow-background,.tooltipster-sidetip.sp-logo-carousel-pro1294style.tooltipster-right .tooltipster-arrow-border {border-right-color: #000000;}.tooltipster-sidetip.sp-logo-carousel-pro1294style.tooltipster-top .tooltipster-arrow-background,.tooltipster-sidetip.sp-logo-carousel-pro1294style.tooltipster-top .tooltipster-arrow-border {border-top-color: #000000;}.tooltipster-sidetip.sp-logo-carousel-pro1294style .tooltipster-box .tooltipster-content {color: #ffffff;}#sp-lcpro-id-1294:is(.layout-inline,.layout-grid) .sp-logo-carousel-pro-area .sp-isotope-logo-items{justify-content: left;}.sp-logo-carousel-pro-section.sp-lcpro-id-1294{position: relative;}#lcp-preloader-1294{position: absolute;left: 0;top: 0;height: 100%;width: 100%;text-align: center;display: flex;align-items: center;justify-content: center;background: #fff;z-index: 9999;}<\/style><div id=\"sp-lcpro-id-1294\" class=\"sp-logo-carousel-pro-section layout-carousel sp-lcpro-id-1294 sp-logo-section-id-1294 nav_position_vertical_center_inner sp-lcpro-clear lcp_horizontal nav-visible-on-hover pagination-type-dots\" ><div class=\"sp-lcp-tooltip-conf\" data-animation=\"grow\" data-side=\"top\" data-maxwidth=\"220\" data-visibility=\"hover\" data-bubble=\"true\" data-distance=\"1\"><\/div><div id=\"lcp-preloader-1294\" class=\"sp-logo-carousel-pro-preloader\"><img decoding=\"async\" src=\"https:\/\/consellaparelladors.cat\/wp-content\/plugins\/logo-carousel-pro\/src\/Frontend\/assets\/css\/images\/spinner.svg\" class=\"skip-lazy\" alt=\"loader-image\"\/><\/div><div class=\"sp-lcp-carousel-wrapper\"><div id=\"sp-logo-carousel-pro1294\" class=\"sp-logo-carousel-pro-area lcp-preloader mode_standard splcp-ttip swiper-container\" data-swiper='{\"vertical\" : \"false\",\"fade_mode\" : \"false\",\"centerMode\": false,\"spaceBetween\": 12, \"adaptiveHeight\":false,\"carousel_accessibility\":true, \"swipeToSlide \":false,\"autoplay\":true, \"autoplaySpeed\":3000, \"speed\":600, \"dots\":false,\"loop\":true,\"pauseOnHover\":true, \"rtl\":false, \"swipe\": true, \"draggable\": true,\"freeMode\": false,\"lazyLoad\" : false, \"pagination_type\" : \"dots\",\"slidesToShow\": { \"lg_desktop\" : 5,\"desktop\":4, \"laptop\":3, \"tablet\":2, \"mobile\":1 },\"slidesToScroll\": { \"lg_desktop\":1, \"desktop\":1, \"laptop\":1, \"tablet\":1, \"mobile\":1}, \"rows\": {\"lg_desktop\":1, \"desktop\":1, \"laptop\":1, \"tablet\":1, \"mobile\":1},\"arrows\": true}' data-carousel-starts-onscreen=false data-nav_type=nav_arrow data-arrowtype=\"angle_arrow_horizon\" dir=\"ltr\"><div class=\" swiper-wrapper\"><div class=\"swiper-slide sp-lcp-item text-center\"><div class=\"sp-lcp-item-border content_position_default sp-lcp-tooltip\" title=\"MAPEI\"><div class=\"sp-lcp-logo-wrapper \" data-post-id=\"1292\"><a target=\"_blank\" href=\"https:\/\/www.mapei.com\"><img loading=\"lazy\" decoding=\"async\" src=\"https:\/\/consellaparelladors.cat\/wp-content\/uploads\/2018\/03\/Mapei_reel.jpg\" alt=\"MAPEI\" width=\"200\" height=\"100\" class=\"sp_lcp_thumb \"><\/a><\/div><\/div><\/div><div class=\"swiper-slide sp-lcp-item text-center\"><div class=\"sp-lcp-item-border content_position_default sp-lcp-tooltip\" title=\"CECAM\"><div class=\"sp-lcp-logo-wrapper \" data-post-id=\"1289\"><a target=\"_blank\" href=\"https:\/\/cecam.com\/\"><img loading=\"lazy\" decoding=\"async\" src=\"https:\/\/consellaparelladors.cat\/wp-content\/uploads\/2021\/05\/cecam_carroussel.jpg\" alt=\"CECAM\" width=\"200\" height=\"100\" class=\"sp_lcp_thumb \"><\/a><\/div><\/div><\/div><div class=\"swiper-slide sp-lcp-item text-center\"><div class=\"sp-lcp-item-border content_position_default sp-lcp-tooltip\" title=\"HOLCIM\"><div class=\"sp-lcp-logo-wrapper \" data-post-id=\"1305\"><a target=\"_blank\" href=\"https:\/\/www.holcim.es\/\"><img loading=\"lazy\" decoding=\"async\" src=\"https:\/\/consellaparelladors.cat\/wp-content\/uploads\/2024\/02\/holcim_corroussel.jpg\" alt=\"HOLCIM\" width=\"200\" height=\"100\" class=\"sp_lcp_thumb \"><\/a><\/div><\/div><\/div><div class=\"swiper-slide sp-lcp-item text-center\"><div class=\"sp-lcp-item-border content_position_default sp-lcp-tooltip\" title=\"PRESTO-ABAC\"><div class=\"sp-lcp-logo-wrapper \" data-post-id=\"1291\"><a target=\"_blank\" href=\"https:\/\/www.abac-consultors.com\/\"><img loading=\"lazy\" decoding=\"async\" src=\"https:\/\/consellaparelladors.cat\/wp-content\/uploads\/2019\/05\/Logo-ABAC.jpg\" alt=\"PRESTO-ABAC\" width=\"200\" height=\"100\" class=\"sp_lcp_thumb \"><\/a><\/div><\/div><\/div><div class=\"swiper-slide sp-lcp-item text-center\"><div class=\"sp-lcp-item-border content_position_default sp-lcp-tooltip\" title=\"FRAPONT\"><div class=\"sp-lcp-logo-wrapper \" data-post-id=\"1341\"><a target=\"_blank\" href=\"https:\/\/www.frapont.es\/es\/\"><img loading=\"lazy\" decoding=\"async\" src=\"https:\/\/consellaparelladors.cat\/wp-content\/uploads\/2024\/02\/frapont_carroussel.jpg\" alt=\"FRAPONT\" width=\"200\" height=\"100\" class=\"sp_lcp_thumb \"><\/a><\/div><\/div><\/div><div class=\"swiper-slide sp-lcp-item text-center\"><div class=\"sp-lcp-item-border content_position_default sp-lcp-tooltip\" title=\"Coneix\"><div class=\"sp-lcp-logo-wrapper \" data-post-id=\"1728\"><a target=\"_blank\" href=\"https:\/\/www.coneix.com\"><img loading=\"lazy\" decoding=\"async\" src=\"https:\/\/consellaparelladors.cat\/wp-content\/uploads\/2025\/09\/coneix_carroussel.jpg\" alt=\"Coneix\" width=\"200\" height=\"100\" class=\"sp_lcp_thumb \"><\/a><\/div><\/div><\/div><div class=\"swiper-slide sp-lcp-item text-center\"><div class=\"sp-lcp-item-border content_position_default sp-lcp-tooltip\" title=\"GEOSEC\"><div class=\"sp-lcp-logo-wrapper \" data-post-id=\"1303\"><a target=\"_blank\" href=\"https:\/\/www.geosec.es\/\"><img loading=\"lazy\" decoding=\"async\" src=\"https:\/\/consellaparelladors.cat\/wp-content\/uploads\/2024\/02\/geosec_carroussel.jpg\" alt=\"GEOSEC\" width=\"200\" height=\"100\" class=\"sp_lcp_thumb \"><\/a><\/div><\/div><\/div><div class=\"swiper-slide sp-lcp-item text-center\"><div class=\"sp-lcp-item-border content_position_default sp-lcp-tooltip\" title=\"Ibertrac\"><div class=\"sp-lcp-logo-wrapper \" data-post-id=\"1526\"><a target=\"_blank\" href=\"https:\/\/ibertrac.com\/\"><img loading=\"lazy\" decoding=\"async\" src=\"https:\/\/consellaparelladors.cat\/wp-content\/uploads\/2025\/05\/ibertrac_carroussel.jpg\" alt=\"Ibertrac\" width=\"200\" height=\"100\" class=\"sp_lcp_thumb \"><\/a><\/div><\/div><\/div><div class=\"swiper-slide sp-lcp-item text-center\"><div class=\"sp-lcp-item-border content_position_default sp-lcp-tooltip\" title=\"SOPREMA\"><div class=\"sp-lcp-logo-wrapper \" data-post-id=\"1389\"><a target=\"_blank\" href=\"https:\/\/www.soprema.es\/es\/\"><img loading=\"lazy\" decoding=\"async\" src=\"https:\/\/consellaparelladors.cat\/wp-content\/uploads\/2024\/06\/soprema_carroussel.jpg\" alt=\"SOPREMA\" width=\"200\" height=\"100\" class=\"sp_lcp_thumb \"><\/a><\/div><\/div><\/div><div class=\"swiper-slide sp-lcp-item text-center\"><div class=\"sp-lcp-item-border content_position_default sp-lcp-tooltip\" title=\"CORREDURIA ASP\"><div class=\"sp-lcp-logo-wrapper \" data-post-id=\"1304\"><a target=\"_blank\" href=\"https:\/\/www.aspcorredoria.cat\/es\/\"><img loading=\"lazy\" decoding=\"async\" src=\"https:\/\/consellaparelladors.cat\/wp-content\/uploads\/2024\/02\/correduria_carroussel.jpg\" alt=\"CORREDURIA ASP\" width=\"200\" height=\"100\" class=\"sp_lcp_thumb \"><\/a><\/div><\/div><\/div><div class=\"swiper-slide sp-lcp-item text-center\"><div class=\"sp-lcp-item-border content_position_default sp-lcp-tooltip\" title=\"Laterlite\"><div class=\"sp-lcp-logo-wrapper \" data-post-id=\"1561\"><a target=\"_blank\" href=\"https:\/\/www.laterlite.es\/\"><img loading=\"lazy\" decoding=\"async\" src=\"https:\/\/consellaparelladors.cat\/wp-content\/uploads\/2025\/06\/laterlite_carroussel.jpg\" alt=\"Laterlite\" width=\"200\" height=\"100\" class=\"sp_lcp_thumb \"><\/a><\/div><\/div><\/div><div class=\"swiper-slide sp-lcp-item text-center\"><div class=\"sp-lcp-item-border content_position_default sp-lcp-tooltip\" title=\"SCHLUTER\"><div class=\"sp-lcp-logo-wrapper \" data-post-id=\"1316\"><a target=\"_blank\" href=\"https:\/\/www.schluter.es\/\"><img loading=\"lazy\" decoding=\"async\" src=\"https:\/\/consellaparelladors.cat\/wp-content\/uploads\/2024\/02\/schluter_carroussel.jpg\" alt=\"SCHLUTER\" width=\"200\" height=\"100\" class=\"sp_lcp_thumb \"><\/a><\/div><\/div><\/div><\/div><div class=\"sp-lcp-prev-button swiper-button-prev lc_nav\"><i class=\"sp-logo-icon-angle-left\"><\/i><\/div><div class=\"sp-lcp-next-button swiper-button-next lc_nav\"><i class=\"sp-logo-icon-angle-right\"><\/i><\/div><\/div><\/div><\/div><\/article>\n\n\n\n<\/section>\n","protected":false},"excerpt":{"rendered":"","protected":false},"author":1,"featured_media":0,"parent":0,"menu_order":10,"comment_status":"closed","ping_status":"closed","template":"","meta":{"_monsterinsights_skip_tracking":false,"_monsterinsights_sitenote_active":false,"_monsterinsights_sitenote_note":"","_monsterinsights_sitenote_category":0,"_uf_show_specific_survey":0,"_uf_disable_surveys":false,"footnotes":""},"class_list":["post-81","page","type-page","status-publish","hentry"],"aioseo_notices":[],"_links":{"self":[{"href":"https:\/\/consellaparelladors.cat\/es\/wp-json\/wp\/v2\/pages\/81","targetHints":{"allow":["GET"]}}],"collection":[{"href":"https:\/\/consellaparelladors.cat\/es\/wp-json\/wp\/v2\/pages"}],"about":[{"href":"https:\/\/consellaparelladors.cat\/es\/wp-json\/wp\/v2\/types\/page"}],"author":[{"embeddable":true,"href":"https:\/\/consellaparelladors.cat\/es\/wp-json\/wp\/v2\/users\/1"}],"replies":[{"embeddable":true,"href":"https:\/\/consellaparelladors.cat\/es\/wp-json\/wp\/v2\/comments?post=81"}],"version-history":[{"count":54,"href":"https:\/\/consellaparelladors.cat\/es\/wp-json\/wp\/v2\/pages\/81\/revisions"}],"predecessor-version":[{"id":1743,"href":"https:\/\/consellaparelladors.cat\/es\/wp-json\/wp\/v2\/pages\/81\/revisions\/1743"}],"wp:attachment":[{"href":"https:\/\/consellaparelladors.cat\/es\/wp-json\/wp\/v2\/media?parent=81"}],"curies":[{"name":"wp","href":"https:\/\/api.w.org\/{rel}","templated":true}]}}